{"id":13745,"date":"2020-10-23T20:03:52","date_gmt":"2020-10-23T20:03:52","guid":{"rendered":"https:\/\/ar.moovelub.com\/mobil\/clubindustria\/?page_id=13745"},"modified":"2021-04-22T22:10:14","modified_gmt":"2021-04-22T22:10:14","slug":"mineria","status":"publish","type":"page","link":"https:\/\/ar.moovelub.com\/mobil\/clubindustria\/mineria\/","title":{"rendered":"Miner\u00eda"},"content":{"rendered":"<p>[et_pb_section fb_built=\u00bb1&#8243; module_id=\u00bbcentral\u00bb _builder_version=\u00bb4.5.1&#8243; _module_preset=\u00bbdefault\u00bb background_color=\u00bbrgba(0,0,0,0.58)\u00bb background_image=\u00bbhttps:\/\/ar.moovelub.com\/mobil\/clubindustria\/wp-content\/uploads\/2020\/10\/yellow-haul-truck-cold-temp-screen-xl.jpg\u00bb background_position=\u00bbcenter_left\u00bb background_blend=\u00bboverlay\u00bb max_width=\u00bb100%\u00bb module_alignment=\u00bbcenter\u00bb custom_margin=\u00bb||||false|true\u00bb custom_padding=\u00bb22px||22px||true|true\u00bb custom_css_main_element=\u00bbbackground-position:0% 75% !important;\u00bb][et_pb_row custom_padding_last_edited=\u00bbon|phone\u00bb _builder_version=\u00bb4.5.1&#8243; _module_preset=\u00bbdefault\u00bb custom_margin=\u00bb||||false|false\u00bb custom_margin_tablet=\u00bb\u00bb custom_margin_phone=\u00bb|50px||50px|false|true\u00bb custom_margin_last_edited=\u00bbon|phone\u00bb custom_padding=\u00bb55px||22px||false|false\u00bb custom_padding_tablet=\u00bb\u00bb custom_padding_phone=\u00bb5px||0px||false|false\u00bb][et_pb_column type=\u00bb4_4&#8243; _builder_version=\u00bb4.5.1&#8243; _module_preset=\u00bbdefault\u00bb][et_pb_text _builder_version=\u00bb4.5.1&#8243; _module_preset=\u00bbdefault\u00bb text_font=\u00bb|300|||||||\u00bb text_text_color=\u00bb#FFFFFF\u00bb text_font_size=\u00bb21px\u00bb text_line_height=\u00bb1.6em\u00bb header_font=\u00bb|700|||||||\u00bb header_text_color=\u00bb#FFFFFF\u00bb header_font_size=\u00bb53px\u00bb width=\u00bb72%\u00bb width_tablet=\u00bb100%\u00bb width_phone=\u00bb100%\u00bb width_last_edited=\u00bbon|desktop\u00bb max_width=\u00bb100%\u00bb text_text_shadow_style=\u00bbpreset1&#8243; header_text_shadow_style=\u00bbpreset3&#8243;]<\/p>\n<h1>Miner\u00eda<\/h1>\n<p>[\/et_pb_text][\/et_pb_column][\/et_pb_row][\/et_pb_section][et_pb_section fb_built=\u00bb1&#8243; custom_padding_last_edited=\u00bbon|phone\u00bb module_id=\u00bbdinamicos\u00bb _builder_version=\u00bb4.5.1&#8243; _module_preset=\u00bbdefault\u00bb background_color=\u00bb#e7ecf1&#8243; background_image=\u00bbhttps:\/\/ar.moovelub.com\/mobil\/clubindustria\/wp-content\/uploads\/2020\/08\/desktop.png\u00bb background_size=\u00bbinitial\u00bb custom_margin=\u00bb0px||0px||true|false\u00bb custom_padding=\u00bb12px||12px||true|false\u00bb custom_padding_tablet=\u00bb\u00bb custom_padding_phone=\u00bb40px||30px||false|false\u00bb][et_pb_row _builder_version=\u00bb4.5.1&#8243; _module_preset=\u00bbdefault\u00bb custom_padding=\u00bb26px||8px|||\u00bb][et_pb_column type=\u00bb4_4&#8243; _builder_version=\u00bb4.5.1&#8243; _module_preset=\u00bbdefault\u00bb][et_pb_text _builder_version=\u00bb4.5.1&#8243; _module_preset=\u00bbdefault\u00bb text_text_color=\u00bb#000000&#8243; text_font_size=\u00bb17px\u00bb text_line_height=\u00bb2em\u00bb custom_padding=\u00bb||10px|||\u00bb]<\/p>\n<p><span style=\"font-weight: 400;\">Ya sea que sus actividades mineras est\u00e9n relacionadas con la explotaci\u00f3n de minerales, metales, arenas bituminosas o carb\u00f3n, usted espera que los equipos se desempe\u00f1en de forma confiable y eficaz para maximizar la producci\u00f3n, proteger el medio ambiente y garantizar una operaci\u00f3n segura.<\/span><\/p>\n<p><span style=\"font-weight: 400;\">Los lubricantes industriales Mobil\u2122 est\u00e1n formulados especialmente para proteger los equipos en las condiciones m\u00e1s duras. Usted puede confiar en nuestros productos comprobados y en la experiencia en lubricaci\u00f3n para mantener los equipos m\u00f3viles y fijos funcionando a su m\u00e1xima eficiencia.\n<\/p>\n<p>[\/et_pb_text][et_pb_text _builder_version=\u00bb4.5.1&#8243; _module_preset=\u00bbdefault\u00bb text_font=\u00bbWork Sans|700|||||||\u00bb text_text_color=\u00bb#383838&#8243; text_font_size=\u00bb22px\u00bb text_line_height=\u00bb26px\u00bb custom_margin=\u00bb17px|0px|6px|0px|false|false\u00bb custom_padding=\u00bb||13px|||\u00bb]<\/p>\n<p style=\"text-align: left;\">Productos y soluciones para operaciones mineras<\/p>\n<p>[\/et_pb_text][\/et_pb_column][\/et_pb_row][et_pb_row column_structure=\u00bb1_3,1_3,1_3&#8243; use_custom_gutter=\u00bbon\u00bb gutter_width=\u00bb2&#8243; make_equal=\u00bbon\u00bb _builder_version=\u00bb4.5.1&#8243; _module_preset=\u00bbdefault\u00bb custom_padding=\u00bb10px||19px|||\u00bb][et_pb_column type=\u00bb1_3&#8243; _builder_version=\u00bb4.5.1&#8243; _module_preset=\u00bbdefault\u00bb][et_pb_blurb title=\u00bbMobil Delvac 1 ESP 5W 40&#8243; url_new_window=\u00bbon\u00bb image=\u00bbhttps:\/\/ar.moovelub.com\/mobil\/clubindustria\/wp-content\/uploads\/2020\/10\/BALDE-GRIS.png\u00bb icon_placement=\u00bbleft\u00bb _builder_version=\u00bb4.5.1&#8243; _module_preset=\u00bbdefault\u00bb header_font=\u00bb|700|||||||\u00bb background_color=\u00bb#ffffff\u00bb custom_padding=\u00bb20px|20px|20px|20px|true|true\u00bb link_option_url=\u00bbhttps:\/\/ar.moovelub.com\/mobil\/clubindustria\/wp-content\/uploads\/2020\/10\/Mobil_Delvac_1_Esp_5w_40.pdf\u00bb link_option_url_new_window=\u00bbon\u00bb custom_css_main_element=\u00bbheight:100%;\u00bb custom_css_blurb_image=\u00bbmin-width:100px;\u00bb]<\/p>\n<p>Aceite de motor di\u00e9sel de bajas cenizas de avanzada formula sint\u00e9tica de alto desempe\u00f1o<\/p>\n<p><span style=\"color: #0c479d; font-weight: 800;\">Ficha t\u00e9cnica<\/span>[\/et_pb_blurb][\/et_pb_column][et_pb_column type=\u00bb1_3&#8243; _builder_version=\u00bb4.5.1&#8243; _module_preset=\u00bbdefault\u00bb][et_pb_blurb title=\u00bbMobil SHC Rarus Series\u00bb url_new_window=\u00bbon\u00bb image=\u00bbhttps:\/\/ar.moovelub.com\/mobil\/clubindustria\/wp-content\/uploads\/2020\/10\/mobiloilg.png\u00bb icon_placement=\u00bbleft\u00bb _builder_version=\u00bb4.5.1&#8243; _module_preset=\u00bbdefault\u00bb header_font=\u00bb|700|||||||\u00bb background_color=\u00bb#ffffff\u00bb custom_padding=\u00bb20px|20px|20px|20px|true|true\u00bb link_option_url=\u00bbhttps:\/\/ar.moovelub.com\/mobil\/clubindustria\/wp-content\/uploads\/2021\/01\/Mobil-SHC-Rarus-Series-1.pdf\u00bb link_option_url_new_window=\u00bbon\u00bb custom_css_main_element=\u00bbheight:100%;\u00bb custom_css_blurb_image=\u00bbmin-width:100px;\u00bb]<\/p>\n<p>Lubricantes para compresores de aire.<\/p>\n<p><span style=\"color: #0c479d; font-weight: 800;\">Ficha t\u00e9cnica<\/span>[\/et_pb_blurb][\/et_pb_column][et_pb_column type=\u00bb1_3&#8243; _builder_version=\u00bb4.5.1&#8243; _module_preset=\u00bbdefault\u00bb][et_pb_blurb title=\u00bbMobil SHC GEAR Series\u00bb image=\u00bbhttps:\/\/ar.moovelub.com\/mobil\/clubindustria\/wp-content\/uploads\/2020\/10\/mobiloilg.png\u00bb icon_placement=\u00bbleft\u00bb _builder_version=\u00bb4.5.1&#8243; _module_preset=\u00bbdefault\u00bb header_font=\u00bb|700|||||||\u00bb background_color=\u00bb#ffffff\u00bb custom_padding=\u00bb20px|20px|20px|20px|true|true\u00bb link_option_url=\u00bbhttps:\/\/ar.moovelub.com\/mobil\/clubindustria\/wp-content\/uploads\/2020\/10\/Mobil_SHC_Gear_Series-1.pdf\u00bb link_option_url_new_window=\u00bbon\u00bb custom_css_main_element=\u00bbheight:100%;\u00bb custom_css_blurb_image=\u00bbmin-width:100px;\u00bb]<\/p>\n<p>Aceites para engranajes.<\/p>\n<p><span style=\"color: #0c479d; font-weight: 800;\">Ficha t\u00e9cnica<\/span>[\/et_pb_blurb][\/et_pb_column][\/et_pb_row][et_pb_row column_structure=\u00bb1_3,1_3,1_3&#8243; use_custom_gutter=\u00bbon\u00bb gutter_width=\u00bb2&#8243; make_equal=\u00bbon\u00bb _builder_version=\u00bb4.5.1&#8243; _module_preset=\u00bbdefault\u00bb custom_padding=\u00bb0px||19px||false|false\u00bb][et_pb_column type=\u00bb1_3&#8243; _builder_version=\u00bb4.5.1&#8243; _module_preset=\u00bbdefault\u00bb][et_pb_blurb title=\u00bbMobil DTE 10 Excel Series\u00bb image=\u00bbhttps:\/\/ar.moovelub.com\/mobil\/clubindustria\/wp-content\/uploads\/2020\/10\/BALDE-red.png\u00bb icon_placement=\u00bbleft\u00bb _builder_version=\u00bb4.5.1&#8243; _module_preset=\u00bbdefault\u00bb header_font=\u00bb|700|||||||\u00bb background_color=\u00bb#ffffff\u00bb custom_padding=\u00bb20px|20px|20px|20px|true|true\u00bb link_option_url=\u00bbhttps:\/\/ar.moovelub.com\/mobil\/clubindustria\/wp-content\/uploads\/2020\/10\/Mobil-DTE-10-Excel-Serie-ESP_PDS-2017.pdf\u00bb link_option_url_new_window=\u00bbon\u00bb custom_css_main_element=\u00bbheight:100%;\u00bb custom_css_blurb_image=\u00bbmin-width:100px;\u00bb]<\/p>\n<p>Aceites hidr\u00e1ulicos de calidad \u201cPremium\u201d.<\/p>\n<p><span style=\"color: #0c479d; font-weight: 800;\">Ficha t\u00e9cnica<\/span>[\/et_pb_blurb][\/et_pb_column][et_pb_column type=\u00bb1_3&#8243; _builder_version=\u00bb4.5.1&#8243; _module_preset=\u00bbdefault\u00bb][et_pb_blurb title=\u00bbMobilgrease Mine Series\u00bb image=\u00bbhttps:\/\/ar.moovelub.com\/mobil\/clubindustria\/wp-content\/uploads\/2020\/10\/mobiloilg.png\u00bb icon_placement=\u00bbleft\u00bb _builder_version=\u00bb4.5.1&#8243; _module_preset=\u00bbdefault\u00bb header_font=\u00bb|700|||||||\u00bb background_color=\u00bb#ffffff\u00bb custom_padding=\u00bb20px|20px|20px|20px|true|true\u00bb link_option_url=\u00bbhttps:\/\/ar.moovelub.com\/mobil\/clubindustria\/wp-content\/uploads\/2020\/11\/Mobilgrease-XHP-Mine-Series.pdf\u00bb link_option_url_new_window=\u00bbon\u00bb custom_css_blurb_image=\u00bbmin-width:100px;\u00bb]<\/p>\n<p>Grasa especial para Miner\u00eda.<\/p>\n<p><span style=\"color: #0c479d; font-weight: 800;\">Ficha t\u00e9cnica<\/span>[\/et_pb_blurb][\/et_pb_column][et_pb_column type=\u00bb1_3&#8243; _builder_version=\u00bb4.5.1&#8243; _module_preset=\u00bbdefault\u00bb][\/et_pb_column][\/et_pb_row][\/et_pb_section][et_pb_section fb_built=\u00bb1&#8243; module_class=\u00bbshow-for-logged-out\u00bb _builder_version=\u00bb4.5.1&#8243; _module_preset=\u00bbdefault\u00bb background_color=\u00bb#0c479d\u00bb use_background_color_gradient=\u00bbon\u00bb background_color_gradient_start=\u00bb#0c479d\u00bb background_color_gradient_end=\u00bb#023279&#8243; background_color_gradient_direction=\u00bb90deg\u00bb background_color_gradient_start_position=\u00bb50%\u00bb background_color_gradient_end_position=\u00bb0%\u00bb custom_padding=\u00bb||36px|||\u00bb background_last_edited=\u00bbon|tablet\u00bb background_color_gradient_start_position_tablet=\u00bb100%\u00bb background_color_gradient_start_position_phone=\u00bb100%\u00bb][et_pb_row column_structure=\u00bb1_2,1_2&#8243; _builder_version=\u00bb4.5.1&#8243; _module_preset=\u00bbdefault\u00bb custom_padding=\u00bb||49px|||\u00bb][et_pb_column type=\u00bb1_2&#8243; _builder_version=\u00bb4.5.1&#8243; _module_preset=\u00bbdefault\u00bb][et_pb_text _builder_version=\u00bb4.5.1&#8243; _module_preset=\u00bbdefault\u00bb header_2_font=\u00bb|700|||||||\u00bb header_2_text_color=\u00bb#ffffff\u00bb header_2_font_size=\u00bb27px\u00bb header_2_line_height=\u00bb1.5em\u00bb width=\u00bb92.4%\u00bb width_tablet=\u00bb\u00bb width_phone=\u00bb100%\u00bb width_last_edited=\u00bbon|phone\u00bb custom_margin=\u00bb|6px||||\u00bb custom_padding=\u00bb|3px||||\u00bb]<\/p>\n<h2><span style=\"font-size: xx-large;\">\u00bfQuiere acceder a contenido exclusivo sobre su industria?<\/span><\/h2>\n<p>[\/et_pb_text][et_pb_button button_url=\u00bbhttps:\/\/ar.moovelub.com\/mobil\/clubindustria\/registro\/\u00bb button_text=\u00bbRegistrese aqu\u00ed\u00bb _builder_version=\u00bb4.5.1&#8243; _module_preset=\u00bbdefault\u00bb custom_button=\u00bbon\u00bb button_text_color=\u00bb#ffffff\u00bb button_bg_color=\u00bb#e02b20&#8243; button_border_color=\u00bb#e02b20&#8243; button_icon=\u00bb%%20%%\u00bb button_icon_color=\u00bb#ffffff\u00bb][\/et_pb_button][\/et_pb_column][et_pb_column type=\u00bb1_2&#8243; _builder_version=\u00bb4.5.1&#8243; _module_preset=\u00bbdefault\u00bb][et_pb_text _builder_version=\u00bb4.5.1&#8243; _module_preset=\u00bbdefault\u00bb text_font_size=\u00bb17px\u00bb text_line_height=\u00bb1.8em\u00bb header_2_font=\u00bb|700|||||||\u00bb header_2_text_color=\u00bb#ffffff\u00bb header_2_font_size=\u00bb27px\u00bb header_2_line_height=\u00bb1.5em\u00bb header_4_font_size=\u00bb16px\u00bb header_4_line_height=\u00bb1.6em\u00bb width=\u00bb80%\u00bb width_tablet=\u00bb\u00bb width_phone=\u00bb\u00bb width_last_edited=\u00bbon|phone\u00bb min_height=\u00bb59px\u00bb custom_margin_tablet=\u00bb\u00bb custom_margin_phone=\u00bb|0px||0px|false|false\u00bb custom_margin_last_edited=\u00bbon|phone\u00bb custom_padding=\u00bb|0px||0px|false|false\u00bb border_width_left=\u00bb30px\u00bb border_color_left=\u00bbrgba(0,0,0,0)\u00bb]<\/p>\n<p><span style=\"color: #ffffff; font-size: medium;\">Obtenga acceso a contenido exclusivo, informes, books, cat\u00e1logos y todo lo que necesita saber sobre el mercado.<\/span><\/p>\n<p>[\/et_pb_text][\/et_pb_column][\/et_pb_row][\/et_pb_section][et_pb_section fb_built=\u00bb1&#8243; disabled_on=\u00bboff|off|off\u00bb module_id=\u00bbcontacto\u00bb _builder_version=\u00bb4.5.1&#8243; _module_preset=\u00bbdefault\u00bb background_color=\u00bb#f6f8fa\u00bb custom_margin=\u00bb0px||||false|false\u00bb custom_padding=\u00bb10px||6px|||\u00bb][et_pb_row use_custom_gutter=\u00bbon\u00bb gutter_width=\u00bb2&#8243; _builder_version=\u00bb4.5.1&#8243; _module_preset=\u00bbdefault\u00bb custom_padding=\u00bb17px||16px|||\u00bb][et_pb_column type=\u00bb4_4&#8243; _builder_version=\u00bb4.5.1&#8243; _module_preset=\u00bbdefault\u00bb][et_pb_text _builder_version=\u00bb4.5.1&#8243; _module_preset=\u00bbdefault\u00bb text_font=\u00bbWork Sans|700|||||||\u00bb text_text_color=\u00bb#383838&#8243; text_font_size=\u00bb22px\u00bb text_line_height=\u00bb26px\u00bb custom_margin=\u00bb17px|0px|33px|0px|false|false\u00bb hover_enabled=\u00bb0&#8243; text_font_size_tablet=\u00bb\u00bb text_font_size_phone=\u00bb25px\u00bb text_font_size_last_edited=\u00bbon|phone\u00bb]<\/p>\n<p style=\"text-align: left;\">Books &amp; Cat\u00e1logos exclusivos para Miner\u00eda<\/p>\n<p>[\/et_pb_text][et_pb_blog fullwidth=\u00bboff\u00bb include_categories=\u00bb11&#8243; excerpt_length=\u00bb100&#8243; show_author=\u00bboff\u00bb _builder_version=\u00bb4.5.1&#8243; _module_preset=\u00bbdefault\u00bb header_font=\u00bb|600|||||||\u00bb header_line_height=\u00bb1.3em\u00bb border_radii=\u00bboff|||5px|5px\u00bb border_style_all=\u00bbnone\u00bb border_width_top=\u00bb6px\u00bb border_color_top=\u00bb#E02B20&#8243; border_style_top=\u00bbsolid\u00bb box_shadow_style=\u00bbpreset3&#8243; box_shadow_color=\u00bbrgba(0,0,0,0.06)\u00bb][\/et_pb_blog][\/et_pb_column][\/et_pb_row][\/et_pb_section]<\/p>\n","protected":false},"excerpt":{"rendered":"<p>[et_pb_section fb_built=\u00bb1&#8243; module_id=\u00bbcentral\u00bb _builder_version=\u00bb4.5.1&#8243; _module_preset=\u00bbdefault\u00bb background_color=\u00bbrgba(0,0,0,0.58)\u00bb background_image=\u00bbhttps:\/\/ar.moovelub.com\/mobil\/clubindustria\/wp-content\/uploads\/2020\/10\/yellow-haul-truck-cold-temp-screen-xl.jpg\u00bb background_position=\u00bbcenter_left\u00bb background_blend=\u00bboverlay\u00bb max_width=\u00bb100%\u00bb module_alignment=\u00bbcenter\u00bb custom_margin=\u00bb||||false|true\u00bb custom_padding=\u00bb22px||22px||true|true\u00bb custom_css_main_element=\u00bbbackground-position:0% 75% !important;\u00bb][et_pb_row custom_padding_last_edited=\u00bbon|phone\u00bb _builder_version=\u00bb4.5.1&#8243; _module_preset=\u00bbdefault\u00bb custom_margin=\u00bb||||false|false\u00bb custom_margin_tablet=\u00bb\u00bb custom_margin_phone=\u00bb|50px||50px|false|true\u00bb custom_margin_last_edited=\u00bbon|phone\u00bb custom_padding=\u00bb55px||22px||false|false\u00bb custom_padding_tablet=\u00bb\u00bb custom_padding_phone=\u00bb5px||0px||false|false\u00bb][et_pb_column type=\u00bb4_4&#8243; _builder_version=\u00bb4.5.1&#8243; _module_preset=\u00bbdefault\u00bb][et_pb_text _builder_version=\u00bb4.5.1&#8243; _module_preset=\u00bbdefault\u00bb text_font=\u00bb|300|||||||\u00bb text_text_color=\u00bb#FFFFFF\u00bb text_font_size=\u00bb21px\u00bb text_line_height=\u00bb1.6em\u00bb header_font=\u00bb|700|||||||\u00bb header_text_color=\u00bb#FFFFFF\u00bb header_font_size=\u00bb53px\u00bb width=\u00bb72%\u00bb width_tablet=\u00bb100%\u00bb width_phone=\u00bb100%\u00bb width_last_edited=\u00bbon|desktop\u00bb max_width=\u00bb100%\u00bb text_text_shadow_style=\u00bbpreset1&#8243; header_text_shadow_style=\u00bbpreset3&#8243;] Miner\u00eda [\/et_pb_text][\/et_pb_column][\/et_pb_row][\/et_pb_section][et_pb_section fb_built=\u00bb1&#8243; custom_padding_last_edited=\u00bbon|phone\u00bb module_id=\u00bbdinamicos\u00bb _builder_version=\u00bb4.5.1&#8243; _module_preset=\u00bbdefault\u00bb background_color=\u00bb#e7ecf1&#8243; background_image=\u00bbhttps:\/\/ar.moovelub.com\/mobil\/clubindustria\/wp-content\/uploads\/2020\/08\/desktop.png\u00bb background_size=\u00bbinitial\u00bb [&hellip;]<\/p>\n","protected":false},"author":1,"featured_media":0,"parent":0,"menu_order":0,"comment_status":"closed","ping_status":"closed","template":"","meta":{"_et_pb_use_builder":"on","_et_pb_old_content":"<!-- wp:divi\/placeholder \/-->","_et_gb_content_width":""},"_links":{"self":[{"href":"https:\/\/ar.moovelub.com\/mobil\/clubindustria\/wp-json\/wp\/v2\/pages\/13745"}],"collection":[{"href":"https:\/\/ar.moovelub.com\/mobil\/clubindustria\/wp-json\/wp\/v2\/pages"}],"about":[{"href":"https:\/\/ar.moovelub.com\/mobil\/clubindustria\/wp-json\/wp\/v2\/types\/page"}],"author":[{"embeddable":true,"href":"https:\/\/ar.moovelub.com\/mobil\/clubindustria\/wp-json\/wp\/v2\/users\/1"}],"replies":[{"embeddable":true,"href":"https:\/\/ar.moovelub.com\/mobil\/clubindustria\/wp-json\/wp\/v2\/comments?post=13745"}],"version-history":[{"count":24,"href":"https:\/\/ar.moovelub.com\/mobil\/clubindustria\/wp-json\/wp\/v2\/pages\/13745\/revisions"}],"predecessor-version":[{"id":14594,"href":"https:\/\/ar.moovelub.com\/mobil\/clubindustria\/wp-json\/wp\/v2\/pages\/13745\/revisions\/14594"}],"wp:attachment":[{"href":"https:\/\/ar.moovelub.com\/mobil\/clubindustria\/wp-json\/wp\/v2\/media?parent=13745"}],"curies":[{"name":"wp","href":"https:\/\/api.w.org\/{rel}","templated":true}]}}