{"id":13743,"date":"2020-10-23T20:03:32","date_gmt":"2020-10-23T20:03:32","guid":{"rendered":"https:\/\/ar.moovelub.com\/mobil\/clubindustria\/?page_id=13743"},"modified":"2021-06-11T18:34:18","modified_gmt":"2021-06-11T18:34:18","slug":"oil-gas","status":"publish","type":"page","link":"https:\/\/ar.moovelub.com\/mobil\/clubindustria\/oil-gas\/","title":{"rendered":"Oil &#038; Gas"},"content":{"rendered":"<p>[et_pb_section fb_built=\u00bb1&#8243; module_id=\u00bbcentral\u00bb _builder_version=\u00bb4.5.1&#8243; _module_preset=\u00bbdefault\u00bb background_color=\u00bbrgba(0,0,0,0.58)\u00bb background_image=\u00bbhttps:\/\/ar.moovelub.com\/mobil\/clubindustria\/wp-content\/uploads\/2020\/10\/oil-gas-processing-rig-screen-xl.jpg\u00bb background_position=\u00bbcenter_right\u00bb background_blend=\u00bboverlay\u00bb max_width=\u00bb100%\u00bb module_alignment=\u00bbcenter\u00bb custom_margin=\u00bb||||false|true\u00bb custom_padding=\u00bb22px||22px||true|true\u00bb custom_css_main_element=\u00bbbackground-position:0% 75% !important;\u00bb][et_pb_row custom_padding_last_edited=\u00bbon|phone\u00bb _builder_version=\u00bb4.5.1&#8243; _module_preset=\u00bbdefault\u00bb custom_margin=\u00bb||||false|false\u00bb custom_margin_tablet=\u00bb\u00bb custom_margin_phone=\u00bb|50px||50px|false|true\u00bb custom_margin_last_edited=\u00bbon|phone\u00bb custom_padding=\u00bb49px||28px||false|false\u00bb custom_padding_tablet=\u00bb\u00bb custom_padding_phone=\u00bb5px||0px||false|false\u00bb][et_pb_column type=\u00bb4_4&#8243; _builder_version=\u00bb4.5.1&#8243; _module_preset=\u00bbdefault\u00bb][et_pb_text _builder_version=\u00bb4.5.1&#8243; _module_preset=\u00bbdefault\u00bb text_font=\u00bb|300|||||||\u00bb text_text_color=\u00bb#FFFFFF\u00bb text_font_size=\u00bb21px\u00bb text_line_height=\u00bb1.6em\u00bb header_font=\u00bb|700|||||||\u00bb header_text_color=\u00bb#FFFFFF\u00bb header_font_size=\u00bb53px\u00bb width=\u00bb64%\u00bb width_tablet=\u00bb100%\u00bb width_phone=\u00bb100%\u00bb width_last_edited=\u00bbon|desktop\u00bb max_width=\u00bb100%\u00bb text_text_shadow_style=\u00bbpreset1&#8243; header_text_shadow_style=\u00bbpreset3&#8243;]<\/p>\n<h1>Oil &#038; Gas<\/h1>\n<p>[\/et_pb_text][\/et_pb_column][\/et_pb_row][\/et_pb_section][et_pb_section fb_built=\u00bb1&#8243; custom_padding_last_edited=\u00bbon|phone\u00bb module_id=\u00bbdinamicos\u00bb _builder_version=\u00bb4.5.1&#8243; _module_preset=\u00bbdefault\u00bb background_color=\u00bb#e7ecf1&#8243; background_image=\u00bbhttps:\/\/ar.moovelub.com\/mobil\/clubindustria\/wp-content\/uploads\/2020\/08\/desktop.png\u00bb background_size=\u00bbinitial\u00bb custom_margin=\u00bb0px||0px||true|false\u00bb custom_padding=\u00bb12px||12px||true|false\u00bb custom_padding_tablet=\u00bb\u00bb custom_padding_phone=\u00bb40px||30px||false|false\u00bb][et_pb_row _builder_version=\u00bb4.5.1&#8243; _module_preset=\u00bbdefault\u00bb custom_padding=\u00bb26px||8px|||\u00bb][et_pb_column type=\u00bb4_4&#8243; _builder_version=\u00bb4.5.1&#8243; _module_preset=\u00bbdefault\u00bb][et_pb_text _builder_version=\u00bb4.5.1&#8243; _module_preset=\u00bbdefault\u00bb text_text_color=\u00bb#000000&#8243; text_font_size=\u00bb17px\u00bb text_line_height=\u00bb2em\u00bb custom_padding=\u00bb||10px|||\u00bb]<\/p>\n<p><span>Si Ud. se encuentra en el negocio energ\u00e9tico responsable por la perforaci\u00f3n, producci\u00f3n, transformaci\u00f3n o refinaci\u00f3n de petr\u00f3leo y gas, conoce la importancia de tener operaciones seguras y confiables.<\/span><\/p>\n<p><span> Los lubricantes industriales Mobil\u2122 han demostrado que ayudan a prolongar la vida \u00fatil de los componentes de la m\u00e1quina y a extender los recambios de lubricante, lo que le permite ampliar los intervalos de mantenimiento minimizando as\u00ed las fallas o paros no programados y contribuyendo fuertemente al cuidado del medio ambiente.<\/span><\/p>\n<p><span>Nuestra l\u00ednea de lubricantes, a base de aceites minerales premium y sint\u00e9ticos, est\u00e1 dise\u00f1ada\u00a0para otorgar inigualable protecci\u00f3n ante la exigencia a la que se encuentran expuestos los equipos en la industria del\u00a0petr\u00f3leo y gas que opera en \u00e1mbitos diversos y desafiantes.<\/span><\/p>\n<p>[\/et_pb_text][et_pb_text _builder_version=\u00bb4.5.1&#8243; _module_preset=\u00bbdefault\u00bb text_font=\u00bbWork Sans|700|||||||\u00bb text_text_color=\u00bb#383838&#8243; text_font_size=\u00bb22px\u00bb text_line_height=\u00bb26px\u00bb custom_margin=\u00bb17px|0px|6px|0px|false|false\u00bb custom_padding=\u00bb||13px|||\u00bb]<\/p>\n<p style=\"text-align: left;\">Productos y Soluciones para operaciones de Petr\u00f3leo &amp; Gas<\/p>\n<p>[\/et_pb_text][\/et_pb_column][\/et_pb_row][et_pb_row column_structure=\u00bb1_3,1_3,1_3&#8243; use_custom_gutter=\u00bbon\u00bb gutter_width=\u00bb2&#8243; _builder_version=\u00bb4.5.1&#8243; _module_preset=\u00bbdefault\u00bb custom_padding=\u00bb10px||19px|||\u00bb][et_pb_column type=\u00bb1_3&#8243; _builder_version=\u00bb4.5.1&#8243; _module_preset=\u00bbdefault\u00bb][et_pb_blurb title=\u00bbMobil SHC Pegasus 30&#8243; url=\u00bbhttps:\/\/ar.moovelub.com\/mobil\/clubindustria\/wp-content\/uploads\/2020\/11\/Mobil-Pegasus-30.pdf\u00bb url_new_window=\u00bbon\u00bb image=\u00bbhttps:\/\/ar.moovelub.com\/mobil\/clubindustria\/wp-content\/uploads\/2020\/10\/mobiloilg.png\u00bb icon_placement=\u00bbleft\u00bb _builder_version=\u00bb4.5.1&#8243; _module_preset=\u00bbdefault\u00bb header_font=\u00bb|700|||||||\u00bb background_color=\u00bb#ffffff\u00bb custom_padding=\u00bb20px|20px|20px|20px|true|true\u00bb link_option_url=\u00bbhttps:\/\/ar.moovelub.com\/mobil\/clubindustria\/wp-content\/uploads\/2021\/02\/PDS_MOBIL_SHC_PEGASUS_esp_v1.pdf\u00bb link_option_url_new_window=\u00bbon\u00bb custom_css_blurb_image=\u00bbmin-width:100px;\u00bb]<\/p>\n<p>Aceite Premium para la lubricaci\u00f3n de motores a gas. <\/p>\n<p><span style=\"color: #0c479d; font-weight: 800;\">Ficha t\u00e9cnica<\/span>[\/et_pb_blurb][\/et_pb_column][et_pb_column type=\u00bb1_3&#8243; _builder_version=\u00bb4.5.1&#8243; _module_preset=\u00bbdefault\u00bb][et_pb_blurb title=\u00bbMobil Pegasus 1005&#8243; image=\u00bbhttps:\/\/ar.moovelub.com\/mobil\/clubindustria\/wp-content\/uploads\/2020\/10\/mobil-oil-r.png\u00bb icon_placement=\u00bbleft\u00bb _builder_version=\u00bb4.5.1&#8243; _module_preset=\u00bbdefault\u00bb header_font=\u00bb|700|||||||\u00bb background_color=\u00bb#ffffff\u00bb custom_padding=\u00bb20px|20px|20px|20px|true|true\u00bb link_option_url=\u00bbhttps:\/\/ar.moovelub.com\/mobil\/clubindustria\/wp-content\/uploads\/2020\/10\/Mobil_Pegasus_1005.pdf\u00bb link_option_url_new_window=\u00bbon\u00bb custom_css_blurb_image=\u00bbmin-width:100px;\u00bb]<\/p>\n<p>Aceite Premium para la lubricaci\u00f3n de motores a gas<\/p>\n<p><span style=\"color: #0c479d; font-weight: 800;\">Ficha t\u00e9cnica<\/span>[\/et_pb_blurb][\/et_pb_column][et_pb_column type=\u00bb1_3&#8243; _builder_version=\u00bb4.5.1&#8243; _module_preset=\u00bbdefault\u00bb][et_pb_blurb title=\u00bbMobil SHC 600&#8243; image=\u00bbhttps:\/\/ar.moovelub.com\/mobil\/clubindustria\/wp-content\/uploads\/2020\/10\/mobiloilg.png\u00bb icon_placement=\u00bbleft\u00bb _builder_version=\u00bb4.5.1&#8243; _module_preset=\u00bbdefault\u00bb header_font=\u00bb|700|||||||\u00bb background_color=\u00bb#ffffff\u00bb custom_padding=\u00bb20px|20px|20px|20px|true|true\u00bb link_option_url=\u00bbhttps:\/\/ar.moovelub.com\/mobil\/clubindustria\/wp-content\/uploads\/2021\/01\/Serie_Mobil_SHc_600.pdf\u00bb link_option_url_new_window=\u00bbon\u00bb custom_css_blurb_image=\u00bbmin-width:100px;\u00bb]<\/p>\n<p>Serie de lubricantes de desempe\u00f1o supremo.<\/p>\n<p><span style=\"color: #0c479d; font-weight: 800;\">Ficha t\u00e9cnica<\/span><\/p>\n<p>[\/et_pb_blurb][\/et_pb_column][\/et_pb_row][et_pb_row column_structure=\u00bb1_3,1_3,1_3&#8243; use_custom_gutter=\u00bbon\u00bb gutter_width=\u00bb2&#8243; _builder_version=\u00bb4.5.1&#8243; _module_preset=\u00bbdefault\u00bb custom_padding=\u00bb0px||19px||false|false\u00bb][et_pb_column type=\u00bb1_3&#8243; _builder_version=\u00bb4.5.1&#8243; _module_preset=\u00bbdefault\u00bb][et_pb_blurb title=\u00bbMobil GLYGOYLE Series\u00bb image=\u00bbhttps:\/\/ar.moovelub.com\/mobil\/clubindustria\/wp-content\/uploads\/2020\/10\/mobiloilg.png\u00bb icon_placement=\u00bbleft\u00bb _builder_version=\u00bb4.5.1&#8243; _module_preset=\u00bbdefault\u00bb header_font=\u00bb|700|||||||\u00bb background_color=\u00bb#ffffff\u00bb custom_padding=\u00bb20px|20px|20px|20px|true|true\u00bb link_option_url=\u00bbhttps:\/\/ar.moovelub.com\/mobil\/clubindustria\/wp-content\/uploads\/2020\/11\/Mobil-Glygoyle.pdf\u00bb link_option_url_new_window=\u00bbon\u00bb custom_css_blurb_image=\u00bbmin-width:100px;\u00bb]<\/p>\n<p>Lubricante de polialquilen glicol (PAG) para la lubricaci\u00f3n de cojinetes y compresores.<\/p>\n<p><span style=\"color: #0c479d; font-weight: 800;\">Ficha t\u00e9cnica<\/span>[\/et_pb_blurb][\/et_pb_column][et_pb_column type=\u00bb1_3&#8243; _builder_version=\u00bb4.5.1&#8243; _module_preset=\u00bbdefault\u00bb][et_pb_blurb title=\u00bbMobilith SCH Series\u00bb image=\u00bbhttps:\/\/ar.moovelub.com\/mobil\/clubindustria\/wp-content\/uploads\/2020\/10\/mobiloilg.png\u00bb icon_placement=\u00bbleft\u00bb _builder_version=\u00bb4.5.1&#8243; _module_preset=\u00bbdefault\u00bb header_font=\u00bb|700|||||||\u00bb background_color=\u00bb#ffffff\u00bb custom_padding=\u00bb20px|20px|20px|20px|true|true\u00bb link_option_url=\u00bbhttps:\/\/ar.moovelub.com\/mobil\/clubindustria\/wp-content\/uploads\/2020\/10\/Mobilith_SHC_Series.pdf\u00bb link_option_url_new_window=\u00bbon\u00bb custom_css_blurb_image=\u00bbmin-width:100px;\u00bb]<\/p>\n<p> Las grasas Mobilith SHCTM Series son productos de desempe\u00f1o superior.<\/p>\n<p><span style=\"color: #0c479d; font-weight: 800;\">Ficha t\u00e9cnica<\/span>[\/et_pb_blurb][\/et_pb_column][et_pb_column type=\u00bb1_3&#8243; _builder_version=\u00bb4.5.1&#8243; _module_preset=\u00bbdefault\u00bb][\/et_pb_column][\/et_pb_row][\/et_pb_section][et_pb_section fb_built=\u00bb1&#8243; module_class=\u00bbshow-for-logged-out\u00bb _builder_version=\u00bb4.5.1&#8243; _module_preset=\u00bbdefault\u00bb background_color=\u00bb#0c479d\u00bb use_background_color_gradient=\u00bbon\u00bb background_color_gradient_start=\u00bb#0c479d\u00bb background_color_gradient_end=\u00bb#023279&#8243; background_color_gradient_direction=\u00bb90deg\u00bb background_color_gradient_start_position=\u00bb50%\u00bb background_color_gradient_end_position=\u00bb0%\u00bb min_height=\u00bb300px\u00bb background_last_edited=\u00bbon|tablet\u00bb background_color_gradient_start_position_tablet=\u00bb100%\u00bb background_color_gradient_start_position_phone=\u00bb100%\u00bb][et_pb_row column_structure=\u00bb1_2,1_2&#8243; _builder_version=\u00bb4.5.1&#8243; _module_preset=\u00bbdefault\u00bb min_height=\u00bb215px\u00bb custom_padding=\u00bb||49px|||\u00bb][et_pb_column type=\u00bb1_2&#8243; _builder_version=\u00bb4.5.1&#8243; _module_preset=\u00bbdefault\u00bb][et_pb_text _builder_version=\u00bb4.5.1&#8243; _module_preset=\u00bbdefault\u00bb header_2_font=\u00bb|700|||||||\u00bb header_2_text_color=\u00bb#ffffff\u00bb header_2_font_size=\u00bb27px\u00bb header_2_line_height=\u00bb1.5em\u00bb width=\u00bb91.1%\u00bb width_tablet=\u00bb\u00bb width_phone=\u00bb100%\u00bb width_last_edited=\u00bbon|phone\u00bb custom_margin=\u00bb|116px||||\u00bb custom_padding=\u00bb|0px||||\u00bb]<\/p>\n<h2><span style=\"font-size: xx-large;\">\u00bfQuiere acceder a contenido exclusivo sobre su industria?<\/span><\/h2>\n<p>[\/et_pb_text][et_pb_button button_url=\u00bbhttps:\/\/ar.moovelub.com\/mobil\/clubindustria\/registro\/\u00bb button_text=\u00bbRegistrese aqu\u00ed\u00bb _builder_version=\u00bb4.5.1&#8243; _module_preset=\u00bbdefault\u00bb custom_button=\u00bbon\u00bb button_text_color=\u00bb#ffffff\u00bb button_bg_color=\u00bb#e02b20&#8243; button_border_color=\u00bb#e02b20&#8243; button_icon=\u00bb%%20%%\u00bb button_icon_color=\u00bb#ffffff\u00bb][\/et_pb_button][\/et_pb_column][et_pb_column type=\u00bb1_2&#8243; _builder_version=\u00bb4.5.1&#8243; _module_preset=\u00bbdefault\u00bb][et_pb_text _builder_version=\u00bb4.5.1&#8243; _module_preset=\u00bbdefault\u00bb text_font_size=\u00bb17px\u00bb text_line_height=\u00bb1.8em\u00bb header_2_font=\u00bb|700|||||||\u00bb header_2_text_color=\u00bb#ffffff\u00bb header_2_font_size=\u00bb27px\u00bb header_2_line_height=\u00bb1.5em\u00bb header_4_letter_spacing=\u00bb1px\u00bb header_4_line_height=\u00bb1.6em\u00bb width_tablet=\u00bb\u00bb width_phone=\u00bb100%\u00bb width_last_edited=\u00bbon|desktop\u00bb min_height=\u00bb55px\u00bb custom_margin=\u00bb0px|0px||0px|false|true\u00bb custom_padding=\u00bb0px|0px||0px|false|true\u00bb border_color_all=\u00bbrgba(0,0,0,0)\u00bb border_width_left=\u00bb46px\u00bb]<span style=\"color: #ffffff; font-size: medium;\">Obtenga acceso a contenido exclusivo, informes, books, cat\u00e1logos y todo lo que necesita saber sobre el mercado.<\/span>[\/et_pb_text][\/et_pb_column][\/et_pb_row][\/et_pb_section][et_pb_section fb_built=\u00bb1&#8243; disabled_on=\u00bboff|off|off\u00bb module_id=\u00bbcontacto\u00bb _builder_version=\u00bb4.5.1&#8243; _module_preset=\u00bbdefault\u00bb background_color=\u00bb#f6f8fa\u00bb custom_margin=\u00bb0px||||false|false\u00bb custom_padding=\u00bb10px||6px|||\u00bb][et_pb_row use_custom_gutter=\u00bbon\u00bb gutter_width=\u00bb2&#8243; _builder_version=\u00bb4.5.1&#8243; _module_preset=\u00bbdefault\u00bb custom_padding=\u00bb17px||16px|||\u00bb][et_pb_column type=\u00bb4_4&#8243; _builder_version=\u00bb4.5.1&#8243; _module_preset=\u00bbdefault\u00bb][et_pb_text _builder_version=\u00bb4.5.1&#8243; _module_preset=\u00bbdefault\u00bb text_font=\u00bbWork Sans|700|||||||\u00bb text_text_color=\u00bb#383838&#8243; text_font_size=\u00bb22px\u00bb text_line_height=\u00bb26px\u00bb custom_margin=\u00bb17px|0px|33px|0px|false|false\u00bb hover_enabled=\u00bb0&#8243; text_font_size_tablet=\u00bb\u00bb text_font_size_phone=\u00bb25px\u00bb text_font_size_last_edited=\u00bbon|phone\u00bb]<\/p>\n<p style=\"text-align: left;\">Books &amp; Cat\u00e1logos Petr\u00f3leo &amp; Gas<\/p>\n<p>[\/et_pb_text][et_pb_blog fullwidth=\u00bboff\u00bb include_categories=\u00bb10&#8243; excerpt_length=\u00bb100&#8243; show_author=\u00bboff\u00bb _builder_version=\u00bb4.5.1&#8243; _module_preset=\u00bbdefault\u00bb header_font=\u00bb|600|||||||\u00bb header_line_height=\u00bb1.3em\u00bb border_radii=\u00bboff|||5px|5px\u00bb border_style_all=\u00bbnone\u00bb border_width_top=\u00bb6px\u00bb border_color_top=\u00bb#E02B20&#8243; border_style_top=\u00bbsolid\u00bb box_shadow_style=\u00bbpreset3&#8243; box_shadow_color=\u00bbrgba(0,0,0,0.06)\u00bb][\/et_pb_blog][\/et_pb_column][\/et_pb_row][\/et_pb_section]<\/p>\n","protected":false},"excerpt":{"rendered":"<p>[et_pb_section fb_built=\u00bb1&#8243; module_id=\u00bbcentral\u00bb _builder_version=\u00bb4.5.1&#8243; _module_preset=\u00bbdefault\u00bb background_color=\u00bbrgba(0,0,0,0.58)\u00bb background_image=\u00bbhttps:\/\/ar.moovelub.com\/mobil\/clubindustria\/wp-content\/uploads\/2020\/10\/oil-gas-processing-rig-screen-xl.jpg\u00bb background_position=\u00bbcenter_right\u00bb background_blend=\u00bboverlay\u00bb max_width=\u00bb100%\u00bb module_alignment=\u00bbcenter\u00bb custom_margin=\u00bb||||false|true\u00bb custom_padding=\u00bb22px||22px||true|true\u00bb custom_css_main_element=\u00bbbackground-position:0% 75% !important;\u00bb][et_pb_row custom_padding_last_edited=\u00bbon|phone\u00bb _builder_version=\u00bb4.5.1&#8243; _module_preset=\u00bbdefault\u00bb custom_margin=\u00bb||||false|false\u00bb custom_margin_tablet=\u00bb\u00bb custom_margin_phone=\u00bb|50px||50px|false|true\u00bb custom_margin_last_edited=\u00bbon|phone\u00bb custom_padding=\u00bb49px||28px||false|false\u00bb custom_padding_tablet=\u00bb\u00bb custom_padding_phone=\u00bb5px||0px||false|false\u00bb][et_pb_column type=\u00bb4_4&#8243; _builder_version=\u00bb4.5.1&#8243; _module_preset=\u00bbdefault\u00bb][et_pb_text _builder_version=\u00bb4.5.1&#8243; _module_preset=\u00bbdefault\u00bb text_font=\u00bb|300|||||||\u00bb text_text_color=\u00bb#FFFFFF\u00bb text_font_size=\u00bb21px\u00bb text_line_height=\u00bb1.6em\u00bb header_font=\u00bb|700|||||||\u00bb header_text_color=\u00bb#FFFFFF\u00bb header_font_size=\u00bb53px\u00bb width=\u00bb64%\u00bb width_tablet=\u00bb100%\u00bb width_phone=\u00bb100%\u00bb width_last_edited=\u00bbon|desktop\u00bb max_width=\u00bb100%\u00bb text_text_shadow_style=\u00bbpreset1&#8243; header_text_shadow_style=\u00bbpreset3&#8243;] Oil &#038; Gas [\/et_pb_text][\/et_pb_column][\/et_pb_row][\/et_pb_section][et_pb_section fb_built=\u00bb1&#8243; custom_padding_last_edited=\u00bbon|phone\u00bb module_id=\u00bbdinamicos\u00bb _builder_version=\u00bb4.5.1&#8243; _module_preset=\u00bbdefault\u00bb background_color=\u00bb#e7ecf1&#8243; [&hellip;]<\/p>\n","protected":false},"author":1,"featured_media":0,"parent":0,"menu_order":0,"comment_status":"closed","ping_status":"closed","template":"","meta":{"_et_pb_use_builder":"on","_et_pb_old_content":"","_et_gb_content_width":""},"_links":{"self":[{"href":"https:\/\/ar.moovelub.com\/mobil\/clubindustria\/wp-json\/wp\/v2\/pages\/13743"}],"collection":[{"href":"https:\/\/ar.moovelub.com\/mobil\/clubindustria\/wp-json\/wp\/v2\/pages"}],"about":[{"href":"https:\/\/ar.moovelub.com\/mobil\/clubindustria\/wp-json\/wp\/v2\/types\/page"}],"author":[{"embeddable":true,"href":"https:\/\/ar.moovelub.com\/mobil\/clubindustria\/wp-json\/wp\/v2\/users\/1"}],"replies":[{"embeddable":true,"href":"https:\/\/ar.moovelub.com\/mobil\/clubindustria\/wp-json\/wp\/v2\/comments?post=13743"}],"version-history":[{"count":42,"href":"https:\/\/ar.moovelub.com\/mobil\/clubindustria\/wp-json\/wp\/v2\/pages\/13743\/revisions"}],"predecessor-version":[{"id":14808,"href":"https:\/\/ar.moovelub.com\/mobil\/clubindustria\/wp-json\/wp\/v2\/pages\/13743\/revisions\/14808"}],"wp:attachment":[{"href":"https:\/\/ar.moovelub.com\/mobil\/clubindustria\/wp-json\/wp\/v2\/media?parent=13743"}],"curies":[{"name":"wp","href":"https:\/\/api.w.org\/{rel}","templated":true}]}}